{"id":91,"date":"2015-10-22T03:26:46","date_gmt":"2015-10-22T03:26:46","guid":{"rendered":"http:\/\/demo.thimpress.com\/eduma\/?page_id=91"},"modified":"2023-09-19T17:36:47","modified_gmt":"2023-09-19T17:36:47","slug":"faqs","status":"publish","type":"page","link":"https:\/\/ocascp.com.mx\/es\/faqs\/","title":{"rendered":"Servicios"},"content":{"rendered":"\t\t<div data-elementor-type=\"wp-post\" data-elementor-id=\"91\" class=\"elementor elementor-91\">\n\t\t\t\t\t\t\t\t\t<section class=\"elementor-section elementor-top-section elementor-element elementor-element-80adcd5 elementor-section-stretched elementor-section-boxed elementor-section-height-default elementor-section-height-default\" data-id=\"80adcd5\" data-element_type=\"section\" data-settings=\"{&quot;stretch_section&quot;:&quot;section-stretched&quot;}\">\n\t\t\t\t\t\t<div class=\"elementor-container elementor-column-gap-custom\">\n\t\t\t\t\t<div class=\"elementor-column elementor-col-100 elementor-top-column elementor-element elementor-element-38830fa\" data-id=\"38830fa\" data-element_type=\"column\">\n\t\t\t<div class=\"elementor-widget-wrap elementor-element-populated\">\n\t\t\t\t\t\t\t\t<div class=\"elementor-element elementor-element-3345228 elementor-widget elementor-widget-image\" data-id=\"3345228\" data-element_type=\"widget\" data-widget_type=\"image.default\">\n\t\t\t\t<div class=\"elementor-widget-container\">\n\t\t\t<style>\/*! elementor - v3.16.0 - 14-09-2023 *\/\n.elementor-widget-image{text-align:center}.elementor-widget-image a{display:inline-block}.elementor-widget-image a img[src$=\".svg\"]{width:48px}.elementor-widget-image img{vertical-align:middle;display:inline-block}<\/style>\t\t\t\t\t\t\t\t\t\t\t\t<img loading=\"lazy\" decoding=\"async\" width=\"1002\" height=\"450\" src=\"https:\/\/ocascp.com.mx\/es\/wp-content\/uploads\/2023\/09\/servicio1.jpg\" class=\"attachment-full size-full wp-image-13927\" alt=\"\" srcset=\"https:\/\/ocascp.com.mx\/es\/wp-content\/uploads\/2023\/09\/servicio1.jpg 1002w, https:\/\/ocascp.com.mx\/es\/wp-content\/uploads\/2023\/09\/servicio1-600x269.jpg 600w, https:\/\/ocascp.com.mx\/es\/wp-content\/uploads\/2023\/09\/servicio1-300x135.jpg 300w, https:\/\/ocascp.com.mx\/es\/wp-content\/uploads\/2023\/09\/servicio1-768x345.jpg 768w\" sizes=\"auto, (max-width: 1002px) 100vw, 1002px\" \/>\t\t\t\t\t\t\t\t\t\t\t\t\t\t\t<\/div>\n\t\t\t\t<\/div>\n\t\t\t\t<div class=\"elementor-element elementor-element-2460235 elementor-widget elementor-widget-heading\" data-id=\"2460235\" data-element_type=\"widget\" data-widget_type=\"heading.default\">\n\t\t\t\t<div class=\"elementor-widget-container\">\n\t\t\t<style>\/*! elementor - v3.16.0 - 14-09-2023 *\/\n.elementor-heading-title{padding:0;margin:0;line-height:1}.elementor-widget-heading .elementor-heading-title[class*=elementor-size-]>a{color:inherit;font-size:inherit;line-height:inherit}.elementor-widget-heading .elementor-heading-title.elementor-size-small{font-size:15px}.elementor-widget-heading .elementor-heading-title.elementor-size-medium{font-size:19px}.elementor-widget-heading .elementor-heading-title.elementor-size-large{font-size:29px}.elementor-widget-heading .elementor-heading-title.elementor-size-xl{font-size:39px}.elementor-widget-heading .elementor-heading-title.elementor-size-xxl{font-size:59px}<\/style><h2 class=\"elementor-heading-title elementor-size-default\">CONTABILIDAD E IMPUESTOS<\/h2>\t\t<\/div>\n\t\t\t\t<\/div>\n\t\t\t\t<div class=\"elementor-element elementor-element-906c548 elementor-widget elementor-widget-text-editor\" data-id=\"906c548\" data-element_type=\"widget\" data-widget_type=\"text-editor.default\">\n\t\t\t\t<div class=\"elementor-widget-container\">\n\t\t\t<style>\/*! elementor - v3.16.0 - 14-09-2023 *\/\n.elementor-widget-text-editor.elementor-drop-cap-view-stacked .elementor-drop-cap{background-color:#69727d;color:#fff}.elementor-widget-text-editor.elementor-drop-cap-view-framed .elementor-drop-cap{color:#69727d;border:3px solid;background-color:transparent}.elementor-widget-text-editor:not(.elementor-drop-cap-view-default) .elementor-drop-cap{margin-top:8px}.elementor-widget-text-editor:not(.elementor-drop-cap-view-default) .elementor-drop-cap-letter{width:1em;height:1em}.elementor-widget-text-editor .elementor-drop-cap{float:left;text-align:center;line-height:1;font-size:50px}.elementor-widget-text-editor .elementor-drop-cap-letter{display:inline-block}<\/style>\t\t\t\t<p>\u00c1rea especializada para realizar la contabilidad de conformidad con las Normas de Informaci\u00f3n Financiera (NIF). Cumplimiento de obligaciones fiscales y contribuciones sociales (IMSS, SAR E INFONAVIT).<\/p><p>\u2022 Contamos con un \u00e1rea especializada para realizar la contabilidad de conformidad con las Normas de Informaci\u00f3n Financiera (NIF), para as\u00ed cumplir con los requisitos de la contabilidad de acuerdo con las disposiciones fiscales.<br \/>\u2022 Ofrecemos asesor\u00eda integral para la interpretaci\u00f3n de los estados financieros con la finalidad de que la toma de decisiones se cuantifique en beneficios empresariales.<br \/>\u2022 Diagn\u00f3stico a peque\u00f1as y medianas empresas acerca de cu\u00e1l es el mejor r\u00e9gimen fiscal en el que deben tributar con el prop\u00f3sito de que el cumplimiento de sus obligaciones fiscales sea proporcional y equitativo.<br \/>\u2022 Tr\u00e1mites ante las diferentes Autoridades Fiscales.<br \/>\u2022 Impuestos y Contabilidad.<br \/>\u2022 Estados financieros b\u00e1sicos.<br \/>\u2022 Papeles de trabajo soporte para la presentaci\u00f3n de las declaraciones a las que est\u00e1 obligado en su car\u00e1cter de contribuyente o retenedor.<br \/>\u2022 Compensaciones y devoluciones de impuestos.<br \/>\u2022 Supervisi\u00f3n contable y de las declaraciones correspondientes.<br \/>\u2022 N\u00f3minas con sus c\u00e1lculos de impuestos retenidos y contribuciones de seguridad social.<br \/>\u2022 Generaci\u00f3n del pago de las cuotas obrero patronales y del INFONAVIT (SUA).<br \/>\u2022 Determinaci\u00f3n y formulario de pago de los impuestos estatales.<\/p>\t\t\t\t\t\t<\/div>\n\t\t\t\t<\/div>\n\t\t\t\t<div class=\"elementor-element elementor-element-dddd436 elementor-widget elementor-widget-spacer\" data-id=\"dddd436\" data-element_type=\"widget\" data-widget_type=\"spacer.default\">\n\t\t\t\t<div class=\"elementor-widget-container\">\n\t\t\t<style>\/*! elementor - v3.16.0 - 14-09-2023 *\/\n.elementor-column .elementor-spacer-inner{height:var(--spacer-size)}.e-con{--container-widget-width:100%}.e-con-inner>.elementor-widget-spacer,.e-con>.elementor-widget-spacer{width:var(--container-widget-width,var(--spacer-size));--align-self:var(--container-widget-align-self,initial);--flex-shrink:0}.e-con-inner>.elementor-widget-spacer>.elementor-widget-container,.e-con>.elementor-widget-spacer>.elementor-widget-container{height:100%;width:100%}.e-con-inner>.elementor-widget-spacer>.elementor-widget-container>.elementor-spacer,.e-con>.elementor-widget-spacer>.elementor-widget-container>.elementor-spacer{height:100%}.e-con-inner>.elementor-widget-spacer>.elementor-widget-container>.elementor-spacer>.elementor-spacer-inner,.e-con>.elementor-widget-spacer>.elementor-widget-container>.elementor-spacer>.elementor-spacer-inner{height:var(--container-widget-height,var(--spacer-size))}.e-con-inner>.elementor-widget-spacer.elementor-widget-empty,.e-con>.elementor-widget-spacer.elementor-widget-empty{position:relative;min-height:22px;min-width:22px}.e-con-inner>.elementor-widget-spacer.elementor-widget-empty .elementor-widget-empty-icon,.e-con>.elementor-widget-spacer.elementor-widget-empty .elementor-widget-empty-icon{position:absolute;top:0;bottom:0;left:0;right:0;margin:auto;padding:0;width:22px;height:22px}<\/style>\t\t<div class=\"elementor-spacer\">\n\t\t\t<div class=\"elementor-spacer-inner\"><\/div>\n\t\t<\/div>\n\t\t\t\t<\/div>\n\t\t\t\t<\/div>\n\t\t\t\t<div class=\"elementor-element elementor-element-249c5d1 elementor-widget elementor-widget-image\" data-id=\"249c5d1\" data-element_type=\"widget\" data-widget_type=\"image.default\">\n\t\t\t\t<div class=\"elementor-widget-container\">\n\t\t\t\t\t\t\t\t\t\t\t\t\t\t\t<img loading=\"lazy\" decoding=\"async\" width=\"1058\" height=\"450\" src=\"https:\/\/ocascp.com.mx\/es\/wp-content\/uploads\/2023\/09\/servicio2.jpg\" class=\"attachment-full size-full wp-image-13928\" alt=\"\" srcset=\"https:\/\/ocascp.com.mx\/es\/wp-content\/uploads\/2023\/09\/servicio2.jpg 1058w, https:\/\/ocascp.com.mx\/es\/wp-content\/uploads\/2023\/09\/servicio2-600x255.jpg 600w, https:\/\/ocascp.com.mx\/es\/wp-content\/uploads\/2023\/09\/servicio2-300x128.jpg 300w, https:\/\/ocascp.com.mx\/es\/wp-content\/uploads\/2023\/09\/servicio2-1024x436.jpg 1024w, https:\/\/ocascp.com.mx\/es\/wp-content\/uploads\/2023\/09\/servicio2-768x327.jpg 768w\" sizes=\"auto, (max-width: 1058px) 100vw, 1058px\" \/>\t\t\t\t\t\t\t\t\t\t\t\t\t\t\t<\/div>\n\t\t\t\t<\/div>\n\t\t\t\t<div class=\"elementor-element elementor-element-6fd15aa elementor-widget elementor-widget-heading\" data-id=\"6fd15aa\" data-element_type=\"widget\" data-widget_type=\"heading.default\">\n\t\t\t\t<div class=\"elementor-widget-container\">\n\t\t\t<h2 class=\"elementor-heading-title elementor-size-default\">Consultor\u00eda Fiscal<\/h2>\t\t<\/div>\n\t\t\t\t<\/div>\n\t\t\t\t<div class=\"elementor-element elementor-element-3e8ecdb elementor-widget elementor-widget-text-editor\" data-id=\"3e8ecdb\" data-element_type=\"widget\" data-widget_type=\"text-editor.default\">\n\t\t\t\t<div class=\"elementor-widget-container\">\n\t\t\t\t\t\t\t<p>Consultor\u00eda Fiscal Resoluci\u00f3n de consultas sobre situaciones concretas y sus efectos fiscales. Diagn\u00f3stico y estructura para el correcto cumplimiento de obligaciones fiscales, asesor\u00eda integral con el fin de proporcionar herramientas en la toma de decisiones en la que se logre la mayor productividad y seguridad jur\u00eddica.<\/p><p>\u2022 Resoluci\u00f3n de consultas sobre situaciones concretas y sus efectos fiscales.<br \/>\u2022 Supervisi\u00f3n del debido cumplimiento de las obligaciones fiscales Federales y Estatales.<br \/>\u2022 Aplicaci\u00f3n de las normas tributarias.<br \/>\u2022 Diagn\u00f3stico y estructura para el correcto cumplimiento de obligaciones fiscales, combinaci\u00f3n de asesor\u00eda corporativa , contable y financiera, con el fin de proporcionar herramientas en la toma de decisiones financieras en la que se logre la mayor productividad y seguridad jur\u00eddica.<br \/>\u2022 Revisi\u00f3n fiscal en reestructuraci\u00f3n de empresas, en operaciones de fusi\u00f3n, escisi\u00f3n y adquisici\u00f3n.<br \/>\u2022 Apoyo durante las facultades de Comprobaci\u00f3n de las Autoridades Fiscales. (Auditorias)<br \/>\u2022 Precios de Transferencia<br \/>\u2022 Impuestos internacionales<br \/>\u2022 Asesor\u00eda fiscal a residentes extranjeros en M\u00e9xico (expatriados)<\/p>\t\t\t\t\t\t<\/div>\n\t\t\t\t<\/div>\n\t\t\t\t<div class=\"elementor-element elementor-element-f84ffa2 elementor-widget elementor-widget-spacer\" data-id=\"f84ffa2\" data-element_type=\"widget\" data-widget_type=\"spacer.default\">\n\t\t\t\t<div class=\"elementor-widget-container\">\n\t\t\t\t\t<div class=\"elementor-spacer\">\n\t\t\t<div class=\"elementor-spacer-inner\"><\/div>\n\t\t<\/div>\n\t\t\t\t<\/div>\n\t\t\t\t<\/div>\n\t\t\t\t<div class=\"elementor-element elementor-element-b4ab0ad elementor-widget elementor-widget-image\" data-id=\"b4ab0ad\" data-element_type=\"widget\" data-widget_type=\"image.default\">\n\t\t\t\t<div class=\"elementor-widget-container\">\n\t\t\t\t\t\t\t\t\t\t\t\t\t\t\t<img loading=\"lazy\" decoding=\"async\" width=\"999\" height=\"450\" src=\"https:\/\/ocascp.com.mx\/es\/wp-content\/uploads\/2023\/09\/servicio3.jpg\" class=\"attachment-full size-full wp-image-13929\" alt=\"\" srcset=\"https:\/\/ocascp.com.mx\/es\/wp-content\/uploads\/2023\/09\/servicio3.jpg 999w, https:\/\/ocascp.com.mx\/es\/wp-content\/uploads\/2023\/09\/servicio3-600x270.jpg 600w, https:\/\/ocascp.com.mx\/es\/wp-content\/uploads\/2023\/09\/servicio3-300x135.jpg 300w, https:\/\/ocascp.com.mx\/es\/wp-content\/uploads\/2023\/09\/servicio3-768x346.jpg 768w\" sizes=\"auto, (max-width: 999px) 100vw, 999px\" \/>\t\t\t\t\t\t\t\t\t\t\t\t\t\t\t<\/div>\n\t\t\t\t<\/div>\n\t\t\t\t<div class=\"elementor-element elementor-element-cb32b3a elementor-widget elementor-widget-heading\" data-id=\"cb32b3a\" data-element_type=\"widget\" data-widget_type=\"heading.default\">\n\t\t\t\t<div class=\"elementor-widget-container\">\n\t\t\t<h2 class=\"elementor-heading-title elementor-size-default\">Auditor\u00eda y Atestiguamiento<\/h2>\t\t<\/div>\n\t\t\t\t<\/div>\n\t\t\t\t<div class=\"elementor-element elementor-element-9a9315e elementor-widget elementor-widget-text-editor\" data-id=\"9a9315e\" data-element_type=\"widget\" data-widget_type=\"text-editor.default\">\n\t\t\t\t<div class=\"elementor-widget-container\">\n\t\t\t\t\t\t\t<p>Proporcionar a nuestros clientes una opini\u00f3n profesional sobre la racionabilidad y confiabilidad de sus estados financieros. El dictamen de los estados financieros les permite presentar informaci\u00f3n financiera confiable a todos los usuarios tales como: Accionistas, instituciones crediticias, Comisi\u00f3n Nacional Bancaria y de Valores (CNBV) y al p\u00fablico en general.<\/p><p>\u2022 Revisi\u00f3n de estados financieros de acuerdo a las Normas Internacionales de Auditoria (NIAS)<br \/>\u2022 Auditorias de estados financieros preparados de conformidad con un marco de informaci\u00f3n con fines espec\u00edficos<br \/>\u2022 Emisi\u00f3n de dict\u00e1menes financieros con extensi\u00f3n fiscal (SIPRED)<br \/>\u2022 Informaci\u00f3n alternativa al Dictamen (DISIF)<br \/>\u2022 Revisiones, Procedimientos Convenidos<br \/>\u2022 Peritajes contables<br \/>\u2022 Due Diligence<br \/>\u2022 Dict\u00e1menes para efectos del IMSS e INFONAVIT<br \/>\u2022 Dict\u00e1menes sobre enajenaci\u00f3n de acciones<br \/>\u2022 Dict\u00e1menes sobre contribuciones estatales y locales<br \/>\u2022 Auditoria del sistema de control interno<\/p>\t\t\t\t\t\t<\/div>\n\t\t\t\t<\/div>\n\t\t\t\t<div class=\"elementor-element elementor-element-6b6689f elementor-widget elementor-widget-spacer\" data-id=\"6b6689f\" data-element_type=\"widget\" data-widget_type=\"spacer.default\">\n\t\t\t\t<div class=\"elementor-widget-container\">\n\t\t\t\t\t<div class=\"elementor-spacer\">\n\t\t\t<div class=\"elementor-spacer-inner\"><\/div>\n\t\t<\/div>\n\t\t\t\t<\/div>\n\t\t\t\t<\/div>\n\t\t\t\t<div class=\"elementor-element elementor-element-c755e79 elementor-widget elementor-widget-image\" data-id=\"c755e79\" data-element_type=\"widget\" data-widget_type=\"image.default\">\n\t\t\t\t<div class=\"elementor-widget-container\">\n\t\t\t\t\t\t\t\t\t\t\t\t\t\t\t<img loading=\"lazy\" decoding=\"async\" width=\"999\" height=\"450\" src=\"https:\/\/ocascp.com.mx\/es\/wp-content\/uploads\/2023\/09\/servicio4.jpg\" class=\"attachment-full size-full wp-image-13930\" alt=\"\" srcset=\"https:\/\/ocascp.com.mx\/es\/wp-content\/uploads\/2023\/09\/servicio4.jpg 999w, https:\/\/ocascp.com.mx\/es\/wp-content\/uploads\/2023\/09\/servicio4-600x270.jpg 600w, https:\/\/ocascp.com.mx\/es\/wp-content\/uploads\/2023\/09\/servicio4-300x135.jpg 300w, https:\/\/ocascp.com.mx\/es\/wp-content\/uploads\/2023\/09\/servicio4-768x346.jpg 768w\" sizes=\"auto, (max-width: 999px) 100vw, 999px\" \/>\t\t\t\t\t\t\t\t\t\t\t\t\t\t\t<\/div>\n\t\t\t\t<\/div>\n\t\t\t\t<div class=\"elementor-element elementor-element-0a429dc elementor-widget elementor-widget-heading\" data-id=\"0a429dc\" data-element_type=\"widget\" data-widget_type=\"heading.default\">\n\t\t\t\t<div class=\"elementor-widget-container\">\n\t\t\t<h2 class=\"elementor-heading-title elementor-size-default\">Antilavado<\/h2>\t\t<\/div>\n\t\t\t\t<\/div>\n\t\t\t\t<div class=\"elementor-element elementor-element-2bcead0 elementor-widget elementor-widget-text-editor\" data-id=\"2bcead0\" data-element_type=\"widget\" data-widget_type=\"text-editor.default\">\n\t\t\t\t<div class=\"elementor-widget-container\">\n\t\t\t\t\t\t\t<p>Asesor\u00eda legal y compliance en materia de PLD (Prevenci\u00f3n de Lavado de Dinero): Asesor\u00eda jur\u00eddica a personas f\u00edsicas y morales que realizan Actividades Vulnerables en estricto cumplimiento de la Ley Federal para la Prevenci\u00f3n e Identificaci\u00f3n de Operaciones con Recursos de Procedencia Il\u00edcita (\u201cLFPIORPI\u201d) y dem\u00e1s disposiciones aplicables.<\/p><p>\u2022 Asesor\u00eda legal y compliance en materia de PLD (Prevenci\u00f3n de Lavado de Dinero):<br \/>o Asesor\u00eda jur\u00eddica a personas f\u00edsicas y morales que realizan Actividades Vulnerables en estricto cumplimiento de la Ley Federal para la Prevenci\u00f3n e Identificaci\u00f3n de Operaciones con Recursos de Procedencia Il\u00edcita (\u201cLFPIORPI\u201d) y dem\u00e1s disposiciones aplicables.<br \/>\u2022 Manual de PLD:<br \/>o Elaboraci\u00f3n de Manuales de Prevenci\u00f3n de Lavado de Dinero, obligatorio para quienes realizan Actividades Vulnerables. Se prev\u00e9n los lineamientos y umbrales de identificaci\u00f3n y aviso, as\u00ed como diversas medidas y procedimientos internos en materia de prevenci\u00f3n de lavado de dinero.<br \/>\u2022 Servicios de Auditor\u00eda:<br \/>o Nuestra experiencia por m\u00e1s de 20 a\u00f1os en las diferentes \u00e1reas de Auditor\u00eda nos permite asesorarte y auditarte en materia de PDL, mediante un enfoque de riesgos.<br \/>o El enfoque en riesgos asegura trabajos de m\u00e1xima calidad que se basa en el control interno y en la experiencia en el conocimiento de las diferentes regulaciones sobre las que son vigiladas por la Comisi\u00f3n Nacional Bancaria y de Valores (CNBV).<br \/>o Revisi\u00f3n del cumplimiento en su caso detectar faltas de cumplimiento u omisiones incurridas a fin de evitar consecuencias legales como son imposici\u00f3n de cuantiosas multas .<br \/>\u2022 Requerimientos<br \/>o Atenci\u00f3n a requerimientos y auditor\u00edas.<br \/>\u2022 Litigio:<br \/>o Interposici\u00f3n de los medios de defensa.<\/p>\t\t\t\t\t\t<\/div>\n\t\t\t\t<\/div>\n\t\t\t\t<div class=\"elementor-element elementor-element-3f1418e elementor-widget elementor-widget-spacer\" data-id=\"3f1418e\" data-element_type=\"widget\" data-widget_type=\"spacer.default\">\n\t\t\t\t<div class=\"elementor-widget-container\">\n\t\t\t\t\t<div class=\"elementor-spacer\">\n\t\t\t<div class=\"elementor-spacer-inner\"><\/div>\n\t\t<\/div>\n\t\t\t\t<\/div>\n\t\t\t\t<\/div>\n\t\t\t\t<div class=\"elementor-element elementor-element-1227975 elementor-widget elementor-widget-image\" data-id=\"1227975\" data-element_type=\"widget\" data-widget_type=\"image.default\">\n\t\t\t\t<div class=\"elementor-widget-container\">\n\t\t\t\t\t\t\t\t\t\t\t\t\t\t\t<img loading=\"lazy\" decoding=\"async\" width=\"999\" height=\"450\" src=\"https:\/\/ocascp.com.mx\/es\/wp-content\/uploads\/2023\/09\/servicio5-1.jpg\" class=\"attachment-full size-full wp-image-13931\" alt=\"\" srcset=\"https:\/\/ocascp.com.mx\/es\/wp-content\/uploads\/2023\/09\/servicio5-1.jpg 999w, https:\/\/ocascp.com.mx\/es\/wp-content\/uploads\/2023\/09\/servicio5-1-600x270.jpg 600w, https:\/\/ocascp.com.mx\/es\/wp-content\/uploads\/2023\/09\/servicio5-1-300x135.jpg 300w, https:\/\/ocascp.com.mx\/es\/wp-content\/uploads\/2023\/09\/servicio5-1-768x346.jpg 768w\" sizes=\"auto, (max-width: 999px) 100vw, 999px\" \/>\t\t\t\t\t\t\t\t\t\t\t\t\t\t\t<\/div>\n\t\t\t\t<\/div>\n\t\t\t\t<div class=\"elementor-element elementor-element-69938e0 elementor-widget elementor-widget-heading\" data-id=\"69938e0\" data-element_type=\"widget\" data-widget_type=\"heading.default\">\n\t\t\t\t<div class=\"elementor-widget-container\">\n\t\t\t<h2 class=\"elementor-heading-title elementor-size-default\">Entidades Gubernamentales<\/h2>\t\t<\/div>\n\t\t\t\t<\/div>\n\t\t\t\t<div class=\"elementor-element elementor-element-e7203fd elementor-widget elementor-widget-text-editor\" data-id=\"e7203fd\" data-element_type=\"widget\" data-widget_type=\"text-editor.default\">\n\t\t\t\t<div class=\"elementor-widget-container\">\n\t\t\t\t\t\t\t<p>Asesor\u00eda, Contabilidad y Auditor\u00eda de estados financieros, Presupuestales y Program\u00e1ticos de gobiernos estatales y municipales (Cuenta Publica)<\/p><p>\u2022 Proceso de entrega y recepci\u00f3n<br \/>\u2022 Consultor\u00eda y Asesor\u00eda de contabilidad gubernamental<br \/>\u2022 Revisiones y procedimientos previamente convenidos<br \/>\u2022 Auditoria de Estados Financieros, Presupuestales y Program\u00e1ticos de gobiernos estatales y municipales (Cuenta Publica)<\/p>\t\t\t\t\t\t<\/div>\n\t\t\t\t<\/div>\n\t\t\t\t<div class=\"elementor-element elementor-element-492748e elementor-widget elementor-widget-spacer\" data-id=\"492748e\" data-element_type=\"widget\" data-widget_type=\"spacer.default\">\n\t\t\t\t<div class=\"elementor-widget-container\">\n\t\t\t\t\t<div class=\"elementor-spacer\">\n\t\t\t<div class=\"elementor-spacer-inner\"><\/div>\n\t\t<\/div>\n\t\t\t\t<\/div>\n\t\t\t\t<\/div>\n\t\t\t\t<div class=\"elementor-element elementor-element-52c80c8 elementor-widget elementor-widget-image\" data-id=\"52c80c8\" data-element_type=\"widget\" data-widget_type=\"image.default\">\n\t\t\t\t<div class=\"elementor-widget-container\">\n\t\t\t\t\t\t\t\t\t\t\t\t\t\t\t<img loading=\"lazy\" decoding=\"async\" width=\"998\" height=\"450\" src=\"https:\/\/ocascp.com.mx\/es\/wp-content\/uploads\/2023\/09\/servicio6-1.jpg\" class=\"attachment-full size-full wp-image-13933\" alt=\"\" srcset=\"https:\/\/ocascp.com.mx\/es\/wp-content\/uploads\/2023\/09\/servicio6-1.jpg 998w, https:\/\/ocascp.com.mx\/es\/wp-content\/uploads\/2023\/09\/servicio6-1-600x271.jpg 600w, https:\/\/ocascp.com.mx\/es\/wp-content\/uploads\/2023\/09\/servicio6-1-300x135.jpg 300w, https:\/\/ocascp.com.mx\/es\/wp-content\/uploads\/2023\/09\/servicio6-1-768x346.jpg 768w\" sizes=\"auto, (max-width: 998px) 100vw, 998px\" \/>\t\t\t\t\t\t\t\t\t\t\t\t\t\t\t<\/div>\n\t\t\t\t<\/div>\n\t\t\t\t<div class=\"elementor-element elementor-element-6cbe50e elementor-widget elementor-widget-heading\" data-id=\"6cbe50e\" data-element_type=\"widget\" data-widget_type=\"heading.default\">\n\t\t\t\t<div class=\"elementor-widget-container\">\n\t\t\t<h2 class=\"elementor-heading-title elementor-size-default\">Derecho Corporativo<\/h2>\t\t<\/div>\n\t\t\t\t<\/div>\n\t\t\t\t<div class=\"elementor-element elementor-element-c9643a5 elementor-widget elementor-widget-text-editor\" data-id=\"c9643a5\" data-element_type=\"widget\" data-widget_type=\"text-editor.default\">\n\t\t\t\t<div class=\"elementor-widget-container\">\n\t\t\t\t\t\t\t<p>El derecho corporativo es el soporte jur\u00eddico de una empresa. Se centra desde una visi\u00f3n administrativa legal. Se dedica a temas como la constituci\u00f3n de sociedades, fusi\u00f3n, escisi\u00f3n, control corporativo, auditoria legal, elaboraci\u00f3n de actas, poderes, libros y contratos de car\u00e1cter mercantil entre otros temas.<\/p>\t\t\t\t\t\t<\/div>\n\t\t\t\t<\/div>\n\t\t\t\t\t<\/div>\n\t\t<\/div>\n\t\t\t\t\t\t\t<\/div>\n\t\t<\/section>\n\t\t\t\t\t\t\t<\/div>\n\t\t","protected":false},"excerpt":{"rendered":"<p>CONTABILIDAD E IMPUESTOS \u00c1rea especializada para realizar la contabilidad de conformidad con las Normas de Informaci\u00f3n Financiera (NIF). Cumplimiento de obligaciones fiscales y contribuciones sociales (IMSS, SAR E INFONAVIT). \u2022 Contamos con un \u00e1rea especializada para realizar la contabilidad de &hellip; <\/p>\n","protected":false},"author":1,"featured_media":0,"parent":0,"menu_order":0,"comment_status":"closed","ping_status":"closed","template":"","meta":{"footnotes":""},"class_list":["post-91","page","type-page","status-publish","hentry"],"_links":{"self":[{"href":"https:\/\/ocascp.com.mx\/es\/wp-json\/wp\/v2\/pages\/91","targetHints":{"allow":["GET"]}}],"collection":[{"href":"https:\/\/ocascp.com.mx\/es\/wp-json\/wp\/v2\/pages"}],"about":[{"href":"https:\/\/ocascp.com.mx\/es\/wp-json\/wp\/v2\/types\/page"}],"author":[{"embeddable":true,"href":"https:\/\/ocascp.com.mx\/es\/wp-json\/wp\/v2\/users\/1"}],"replies":[{"embeddable":true,"href":"https:\/\/ocascp.com.mx\/es\/wp-json\/wp\/v2\/comments?post=91"}],"version-history":[{"count":40,"href":"https:\/\/ocascp.com.mx\/es\/wp-json\/wp\/v2\/pages\/91\/revisions"}],"predecessor-version":[{"id":14241,"href":"https:\/\/ocascp.com.mx\/es\/wp-json\/wp\/v2\/pages\/91\/revisions\/14241"}],"wp:attachment":[{"href":"https:\/\/ocascp.com.mx\/es\/wp-json\/wp\/v2\/media?parent=91"}],"curies":[{"name":"wp","href":"https:\/\/api.w.org\/{rel}","templated":true}]}}